{"id":1625,"date":"2022-08-07T14:37:23","date_gmt":"2022-08-07T12:37:23","guid":{"rendered":"http:\/\/www.prather-fotografie.de\/?page_id=1625"},"modified":"2022-08-07T14:37:23","modified_gmt":"2022-08-07T12:37:23","slug":"impressum","status":"publish","type":"page","link":"https:\/\/www.prather-fotografie.de\/index.php\/impressum\/","title":{"rendered":"Impressum"},"content":{"rendered":"\n<p>Impressum<\/p>\n\n\n\n<p><strong>Anschrift<\/strong><br>Jessica &amp; Daniel Prather<br>Wingertstr. 19<br>35781 Weilburg<br><\/p>\n\n\n\n<p>Telefon: +49 6471 \/ 95 60 65<br>E-mail: <a href=\"mailto:daniel@prather.de\">daniel@prather.de<\/a><br><br>Verantwortlich f\u00fcr den Inhalt:<br>Daniel Prather<\/p>\n\n\n\n<p>Steuernummer: 038 857 30191<br>USt-IdNr.: DE 218 015 704<\/p>\n\n\n\n<p><strong>Haftungsausschlu\u00df<\/strong><br>Unsere Webseiten und die darin enthaltenen Informationen wurden von uns mit gr\u00f6\u00dftm\u00f6glicher Sorgfalt erstellt. Trotzdem k\u00f6nnen wir f\u00fcr die Richtigkeit und Vollst\u00e4ndigkeit des Inhalts keine Gew\u00e4hr \u00fcbernehmen. Trotz sorgf\u00e4ltiger inhaltlicher Kontrolle \u00fcbernehmen die Betreiber keine Haftung f\u00fcr die Inhalte externer Links. F\u00fcr den Inhalt der verlinkten Seiten sind ausschlie\u00dflich deren Betreiber verantwortlich. Die auf den Seiten der Firma abrufbaren Inhalte dienen ausschlie\u00dflich der generellen Information.<\/p>\n\n\n\n<p><strong>Urheberrecht<\/strong><br>Die auf dieser Website abgebildeten Fotos und Darstellungen sind Urheberrechtlich gesch\u00fctzt. Der Inhalt oder einzelne Bilder und Texte d\u00fcrfen weder reproduziert, kopiert, digitalisiert, gespeichert, verfremdet oder in anderer Form ohne ausdr\u00fccklicher schriftlicher Genehmigung der oben genannten Firma genutzt oder verr\u00f6ffentlicht werden. Widerrechtliche Nutzung wird zivil- und strafrechtlich verfolgt.<\/p>\n\n\n\n<p><strong>Konzeption, Design und Realisierung<\/strong><br>prather web &amp; media development<br><a href=\"http:\/\/www.prather.de\">www.prather.de<\/a> <\/p>\n","protected":false},"excerpt":{"rendered":"<p>Impressum AnschriftJessica &amp; Daniel PratherWingertstr. 1935781 Weilburg Telefon: +49 6471 \/ 95 60 65E-mail: daniel@prather.de Verantwortlich f\u00fcr den Inhalt:Daniel Prather Steuernummer: 038 857 30191USt-IdNr.: DE 218 015 704 Haftungsausschlu\u00dfUnsere Webseiten und die darin enthaltenen Informationen wurden von uns mit gr\u00f6\u00dftm\u00f6glicher Sorgfalt erstellt. Trotzdem k\u00f6nnen wir f\u00fcr die Richtigkeit und Vollst\u00e4ndigkeit [&hellip;]<\/p>\n","protected":false},"author":1,"featured_media":0,"parent":0,"menu_order":0,"comment_status":"closed","ping_status":"closed","template":"","meta":{"footnotes":""},"class_list":["post-1625","page","type-page","status-publish","hentry"],"_links":{"self":[{"href":"https:\/\/www.prather-fotografie.de\/index.php\/wp-json\/wp\/v2\/pages\/1625","targetHints":{"allow":["GET"]}}],"collection":[{"href":"https:\/\/www.prather-fotografie.de\/index.php\/wp-json\/wp\/v2\/pages"}],"about":[{"href":"https:\/\/www.prather-fotografie.de\/index.php\/wp-json\/wp\/v2\/types\/page"}],"author":[{"embeddable":true,"href":"https:\/\/www.prather-fotografie.de\/index.php\/wp-json\/wp\/v2\/users\/1"}],"replies":[{"embeddable":true,"href":"https:\/\/www.prather-fotografie.de\/index.php\/wp-json\/wp\/v2\/comments?post=1625"}],"version-history":[{"count":1,"href":"https:\/\/www.prather-fotografie.de\/index.php\/wp-json\/wp\/v2\/pages\/1625\/revisions"}],"predecessor-version":[{"id":1626,"href":"https:\/\/www.prather-fotografie.de\/index.php\/wp-json\/wp\/v2\/pages\/1625\/revisions\/1626"}],"wp:attachment":[{"href":"https:\/\/www.prather-fotografie.de\/index.php\/wp-json\/wp\/v2\/media?parent=1625"}],"curies":[{"name":"wp","href":"https:\/\/api.w.org\/{rel}","templated":true}]}}